{"id":69,"date":"2022-10-24T16:54:19","date_gmt":"2022-10-24T16:54:19","guid":{"rendered":"https:\/\/ozelyasamrehabilitasyon.com\/?page_id=69"},"modified":"2022-11-03T10:55:14","modified_gmt":"2022-11-03T10:55:14","slug":"ozel-beylikduzu-yasam-ozel-egitim-ve-rehabilitasyon-merkezi","status":"publish","type":"page","link":"https:\/\/ozelyasamrehabilitasyon.com\/","title":{"rendered":"\u00d6zel Beylikd\u00fcz\u00fc YA\u015eAM \u00d6zel E\u011fitim ve Rehabilitasyon Merkezi"},"content":{"rendered":"\n<h3 class=\"wp-block-heading\">E\u011e\u0130T\u0130MLER\u0130M\u0130Z<\/h3>\n\n\n\n<p><\/p>\n\n\n\n<p><strong>\u00d6ZEL E\u011e\u0130T\u0130M<\/strong><\/p>\n\n\n\n<p><strong>ERKEN \u00c7OCUKLUK<\/strong><\/p>\n\n\n\n<p><strong>D\u0130SLEKS\u0130<\/strong><\/p>\n\n\n\n<p><strong>HAREKET E\u011e\u0130T\u0130M\u0130<\/strong><\/p>\n\n\n\n<p><strong>YA\u015eAM L\u0130DERL\u0130\u011e\u0130<\/strong><\/p>\n","protected":false},"excerpt":{"rendered":"<p>E\u011e\u0130T\u0130MLER\u0130M\u0130Z \u00d6ZEL E\u011e\u0130T\u0130M ERKEN \u00c7OCUKLUK D\u0130SLEKS\u0130 HAREKET E\u011e\u0130T\u0130M\u0130 YA\u015eAM L\u0130DERL\u0130\u011e\u0130<\/p>\n","protected":false},"author":1,"featured_media":0,"parent":0,"menu_order":0,"comment_status":"closed","ping_status":"closed","template":"","meta":{"site-sidebar-layout":"default","site-content-layout":"default","ast-global-header-display":"","ast-main-header-display":"","ast-hfb-above-header-display":"","ast-hfb-below-header-display":"","ast-hfb-mobile-header-display":"","site-post-title":"","ast-breadcrumbs-content":"","ast-featured-img":"","footer-sml-layout":"","theme-transparent-header-meta":"","adv-header-id-meta":"","stick-header-meta":"","header-above-stick-meta":"","header-main-stick-meta":"","header-below-stick-meta":"","footnotes":""},"class_list":["post-69","page","type-page","status-publish","hentry"],"yoast_head":"<!-- This site is optimized with the Yoast SEO plugin v20.5 - https:\/\/yoast.com\/wordpress\/plugins\/seo\/ -->\n<title>\u00d6zel Beylikd\u00fcz\u00fc YA\u015eAM \u00d6zel E\u011fitim ve Rehabilitasyon Merkezi -<\/title>\n<meta name=\"robots\" content=\"index, follow, max-snippet:-1, max-image-preview:large, max-video-preview:-1\" \/>\n<link rel=\"canonical\" href=\"https:\/\/ozelyasamrehabilitasyon.com\/\" \/>\n<meta property=\"og:locale\" content=\"tr_TR\" \/>\n<meta property=\"og:type\" content=\"article\" \/>\n<meta property=\"og:title\" content=\"\u00d6zel Beylikd\u00fcz\u00fc YA\u015eAM \u00d6zel E\u011fitim ve Rehabilitasyon Merkezi -\" \/>\n<meta property=\"og:description\" content=\"E\u011e\u0130T\u0130MLER\u0130M\u0130Z \u00d6ZEL E\u011e\u0130T\u0130M ERKEN \u00c7OCUKLUK D\u0130SLEKS\u0130 HAREKET E\u011e\u0130T\u0130M\u0130 YA\u015eAM L\u0130DERL\u0130\u011e\u0130\" \/>\n<meta property=\"og:url\" content=\"https:\/\/ozelyasamrehabilitasyon.com\/\" \/>\n<meta property=\"article:modified_time\" content=\"2022-11-03T10:55:14+00:00\" \/>\n<meta name=\"twitter:card\" content=\"summary_large_image\" \/>\n<meta name=\"twitter:label1\" content=\"Tahmini okuma s\u00fcresi\" \/>\n\t<meta name=\"twitter:data1\" content=\"1 dakika\" \/>\n<script type=\"application\/ld+json\" class=\"yoast-schema-graph\">{\"@context\":\"https:\/\/schema.org\",\"@graph\":[{\"@type\":\"WebPage\",\"@id\":\"https:\/\/ozelyasamrehabilitasyon.com\/\",\"url\":\"https:\/\/ozelyasamrehabilitasyon.com\/\",\"name\":\"\u00d6zel Beylikd\u00fcz\u00fc YA\u015eAM \u00d6zel E\u011fitim ve Rehabilitasyon Merkezi -\",\"isPartOf\":{\"@id\":\"https:\/\/ozelyasamrehabilitasyon.com\/#website\"},\"datePublished\":\"2022-10-24T16:54:19+00:00\",\"dateModified\":\"2022-11-03T10:55:14+00:00\",\"breadcrumb\":{\"@id\":\"https:\/\/ozelyasamrehabilitasyon.com\/#breadcrumb\"},\"inLanguage\":\"tr\",\"potentialAction\":[{\"@type\":\"ReadAction\",\"target\":[\"https:\/\/ozelyasamrehabilitasyon.com\/\"]}]},{\"@type\":\"BreadcrumbList\",\"@id\":\"https:\/\/ozelyasamrehabilitasyon.com\/#breadcrumb\",\"itemListElement\":[{\"@type\":\"ListItem\",\"position\":1,\"name\":\"Anasayfa\",\"item\":\"https:\/\/ozelyasamrehabilitasyon.com\/\"},{\"@type\":\"ListItem\",\"position\":2,\"name\":\"\u00d6zel Beylikd\u00fcz\u00fc YA\u015eAM \u00d6zel E\u011fitim ve Rehabilitasyon Merkezi\"}]},{\"@type\":\"WebSite\",\"@id\":\"https:\/\/ozelyasamrehabilitasyon.com\/#website\",\"url\":\"https:\/\/ozelyasamrehabilitasyon.com\/\",\"name\":\"\",\"description\":\"Just another WordPress site\",\"potentialAction\":[{\"@type\":\"SearchAction\",\"target\":{\"@type\":\"EntryPoint\",\"urlTemplate\":\"https:\/\/ozelyasamrehabilitasyon.com\/?s={search_term_string}\"},\"query-input\":\"required name=search_term_string\"}],\"inLanguage\":\"tr\"}]}<\/script>\n<!-- \/ Yoast SEO plugin. -->","yoast_head_json":{"title":"\u00d6zel Beylikd\u00fcz\u00fc YA\u015eAM \u00d6zel E\u011fitim ve Rehabilitasyon Merkezi -","robots":{"index":"index","follow":"follow","max-snippet":"max-snippet:-1","max-image-preview":"max-image-preview:large","max-video-preview":"max-video-preview:-1"},"canonical":"https:\/\/ozelyasamrehabilitasyon.com\/","og_locale":"tr_TR","og_type":"article","og_title":"\u00d6zel Beylikd\u00fcz\u00fc YA\u015eAM \u00d6zel E\u011fitim ve Rehabilitasyon Merkezi -","og_description":"E\u011e\u0130T\u0130MLER\u0130M\u0130Z \u00d6ZEL E\u011e\u0130T\u0130M ERKEN \u00c7OCUKLUK D\u0130SLEKS\u0130 HAREKET E\u011e\u0130T\u0130M\u0130 YA\u015eAM L\u0130DERL\u0130\u011e\u0130","og_url":"https:\/\/ozelyasamrehabilitasyon.com\/","article_modified_time":"2022-11-03T10:55:14+00:00","twitter_card":"summary_large_image","twitter_misc":{"Tahmini okuma s\u00fcresi":"1 dakika"},"schema":{"@context":"https:\/\/schema.org","@graph":[{"@type":"WebPage","@id":"https:\/\/ozelyasamrehabilitasyon.com\/","url":"https:\/\/ozelyasamrehabilitasyon.com\/","name":"\u00d6zel Beylikd\u00fcz\u00fc YA\u015eAM \u00d6zel E\u011fitim ve Rehabilitasyon Merkezi -","isPartOf":{"@id":"https:\/\/ozelyasamrehabilitasyon.com\/#website"},"datePublished":"2022-10-24T16:54:19+00:00","dateModified":"2022-11-03T10:55:14+00:00","breadcrumb":{"@id":"https:\/\/ozelyasamrehabilitasyon.com\/#breadcrumb"},"inLanguage":"tr","potentialAction":[{"@type":"ReadAction","target":["https:\/\/ozelyasamrehabilitasyon.com\/"]}]},{"@type":"BreadcrumbList","@id":"https:\/\/ozelyasamrehabilitasyon.com\/#breadcrumb","itemListElement":[{"@type":"ListItem","position":1,"name":"Anasayfa","item":"https:\/\/ozelyasamrehabilitasyon.com\/"},{"@type":"ListItem","position":2,"name":"\u00d6zel Beylikd\u00fcz\u00fc YA\u015eAM \u00d6zel E\u011fitim ve Rehabilitasyon Merkezi"}]},{"@type":"WebSite","@id":"https:\/\/ozelyasamrehabilitasyon.com\/#website","url":"https:\/\/ozelyasamrehabilitasyon.com\/","name":"","description":"Just another WordPress site","potentialAction":[{"@type":"SearchAction","target":{"@type":"EntryPoint","urlTemplate":"https:\/\/ozelyasamrehabilitasyon.com\/?s={search_term_string}"},"query-input":"required name=search_term_string"}],"inLanguage":"tr"}]}},"_links":{"self":[{"href":"https:\/\/ozelyasamrehabilitasyon.com\/index.php?rest_route=\/wp\/v2\/pages\/69","targetHints":{"allow":["GET"]}}],"collection":[{"href":"https:\/\/ozelyasamrehabilitasyon.com\/index.php?rest_route=\/wp\/v2\/pages"}],"about":[{"href":"https:\/\/ozelyasamrehabilitasyon.com\/index.php?rest_route=\/wp\/v2\/types\/page"}],"author":[{"embeddable":true,"href":"https:\/\/ozelyasamrehabilitasyon.com\/index.php?rest_route=\/wp\/v2\/users\/1"}],"replies":[{"embeddable":true,"href":"https:\/\/ozelyasamrehabilitasyon.com\/index.php?rest_route=%2Fwp%2Fv2%2Fcomments&post=69"}],"version-history":[{"count":5,"href":"https:\/\/ozelyasamrehabilitasyon.com\/index.php?rest_route=\/wp\/v2\/pages\/69\/revisions"}],"predecessor-version":[{"id":86,"href":"https:\/\/ozelyasamrehabilitasyon.com\/index.php?rest_route=\/wp\/v2\/pages\/69\/revisions\/86"}],"wp:attachment":[{"href":"https:\/\/ozelyasamrehabilitasyon.com\/index.php?rest_route=%2Fwp%2Fv2%2Fmedia&parent=69"}],"curies":[{"name":"wp","href":"https:\/\/api.w.org\/{rel}","templated":true}]}}