{"id":26,"date":"2022-10-24T13:48:19","date_gmt":"2022-10-24T13:48:19","guid":{"rendered":"https:\/\/ozelyasamrehabilitasyon.com\/?page_id=26"},"modified":"2022-10-24T16:02:18","modified_gmt":"2022-10-24T16:02:18","slug":"iletisim","status":"publish","type":"page","link":"https:\/\/ozelyasamrehabilitasyon.com\/?page_id=26","title":{"rendered":"\u0130LET\u0130\u015e\u0130M"},"content":{"rendered":"\n<iframe src=\"https:\/\/www.google.com\/maps\/embed?pb=!1m18!1m12!1m3!1d48188.608266118106!2d28.699472652700898!3d40.98612245638454!2m3!1f0!2f0!3f0!3m2!1i1024!2i768!4f13.1!3m3!1m2!1s0x14caa1a37d29037f%3A0x12af384f2d0f127c!2sYa%C5%9Fam%20%C3%B6zel%20e%C4%9Fitim%20ve%20rehabilitasyon%20merkezi!5e0!3m2!1str!2str!4v1666626882233!5m2!1str!2str\" width=\"600\" height=\"450\" style=\"border:0;\" allowfullscreen=\"\" loading=\"lazy\" referrerpolicy=\"no-referrer-when-downgrade\"><\/iframe>\n\n\n\n<p><strong>ADRES: Marmara Mah. Y\u00fckseloglu Cad. No:4\/1\/1<br>Yakuplu &#8211; Beylikd\u00fcz\u00fc \/ ISTANBUL<\/strong><\/p>\n\n\n\n<p><strong>TELEFON: 0212 876 88 86<\/strong><\/p>\n\n\n\n<p><strong>E-POSTA: ozelistyasamreh@gmail.com<\/strong><\/p>\n","protected":false},"excerpt":{"rendered":"<p>ADRES: Marmara Mah. Y\u00fckseloglu Cad. No:4\/1\/1Yakuplu &#8211; Beylikd\u00fcz\u00fc \/ ISTANBUL TELEFON: 0212 876 88 86 E-POSTA: ozelistyasamreh@gmail.com<\/p>\n","protected":false},"author":1,"featured_media":0,"parent":0,"menu_order":0,"comment_status":"closed","ping_status":"closed","template":"","meta":{"site-sidebar-layout":"default","site-content-layout":"default","ast-global-header-display":"","ast-main-header-display":"","ast-hfb-above-header-display":"","ast-hfb-below-header-display":"","ast-hfb-mobile-header-display":"","site-post-title":"","ast-breadcrumbs-content":"","ast-featured-img":"","footer-sml-layout":"","theme-transparent-header-meta":"","adv-header-id-meta":"","stick-header-meta":"","header-above-stick-meta":"","header-main-stick-meta":"","header-below-stick-meta":"","footnotes":""},"class_list":["post-26","page","type-page","status-publish","hentry"],"yoast_head":"<!-- This site is optimized with the Yoast SEO plugin v20.5 - https:\/\/yoast.com\/wordpress\/plugins\/seo\/ -->\n<title>\u0130LET\u0130\u015e\u0130M -<\/title>\n<meta name=\"robots\" content=\"index, follow, max-snippet:-1, max-image-preview:large, max-video-preview:-1\" \/>\n<link rel=\"canonical\" href=\"https:\/\/ozelyasamrehabilitasyon.com\/?page_id=26\" \/>\n<meta property=\"og:locale\" content=\"tr_TR\" \/>\n<meta property=\"og:type\" content=\"article\" \/>\n<meta property=\"og:title\" content=\"\u0130LET\u0130\u015e\u0130M -\" \/>\n<meta property=\"og:description\" content=\"ADRES: Marmara Mah. Y\u00fckseloglu Cad. No:4\/1\/1Yakuplu &#8211; Beylikd\u00fcz\u00fc \/ ISTANBUL TELEFON: 0212 876 88 86 E-POSTA: ozelistyasamreh@gmail.com\" \/>\n<meta property=\"og:url\" content=\"https:\/\/ozelyasamrehabilitasyon.com\/?page_id=26\" \/>\n<meta property=\"article:modified_time\" content=\"2022-10-24T16:02:18+00:00\" \/>\n<meta name=\"twitter:card\" content=\"summary_large_image\" \/>\n<meta name=\"twitter:label1\" content=\"Tahmini okuma s\u00fcresi\" \/>\n\t<meta name=\"twitter:data1\" content=\"1 dakika\" \/>\n<script type=\"application\/ld+json\" class=\"yoast-schema-graph\">{\"@context\":\"https:\/\/schema.org\",\"@graph\":[{\"@type\":\"WebPage\",\"@id\":\"https:\/\/ozelyasamrehabilitasyon.com\/?page_id=26\",\"url\":\"https:\/\/ozelyasamrehabilitasyon.com\/?page_id=26\",\"name\":\"\u0130LET\u0130\u015e\u0130M -\",\"isPartOf\":{\"@id\":\"https:\/\/ozelyasamrehabilitasyon.com\/#website\"},\"datePublished\":\"2022-10-24T13:48:19+00:00\",\"dateModified\":\"2022-10-24T16:02:18+00:00\",\"breadcrumb\":{\"@id\":\"https:\/\/ozelyasamrehabilitasyon.com\/?page_id=26#breadcrumb\"},\"inLanguage\":\"tr\",\"potentialAction\":[{\"@type\":\"ReadAction\",\"target\":[\"https:\/\/ozelyasamrehabilitasyon.com\/?page_id=26\"]}]},{\"@type\":\"BreadcrumbList\",\"@id\":\"https:\/\/ozelyasamrehabilitasyon.com\/?page_id=26#breadcrumb\",\"itemListElement\":[{\"@type\":\"ListItem\",\"position\":1,\"name\":\"Anasayfa\",\"item\":\"https:\/\/ozelyasamrehabilitasyon.com\/\"},{\"@type\":\"ListItem\",\"position\":2,\"name\":\"\u0130LET\u0130\u015e\u0130M\"}]},{\"@type\":\"WebSite\",\"@id\":\"https:\/\/ozelyasamrehabilitasyon.com\/#website\",\"url\":\"https:\/\/ozelyasamrehabilitasyon.com\/\",\"name\":\"\",\"description\":\"Just another WordPress site\",\"potentialAction\":[{\"@type\":\"SearchAction\",\"target\":{\"@type\":\"EntryPoint\",\"urlTemplate\":\"https:\/\/ozelyasamrehabilitasyon.com\/?s={search_term_string}\"},\"query-input\":\"required name=search_term_string\"}],\"inLanguage\":\"tr\"}]}<\/script>\n<!-- \/ Yoast SEO plugin. -->","yoast_head_json":{"title":"\u0130LET\u0130\u015e\u0130M -","robots":{"index":"index","follow":"follow","max-snippet":"max-snippet:-1","max-image-preview":"max-image-preview:large","max-video-preview":"max-video-preview:-1"},"canonical":"https:\/\/ozelyasamrehabilitasyon.com\/?page_id=26","og_locale":"tr_TR","og_type":"article","og_title":"\u0130LET\u0130\u015e\u0130M -","og_description":"ADRES: Marmara Mah. Y\u00fckseloglu Cad. No:4\/1\/1Yakuplu &#8211; Beylikd\u00fcz\u00fc \/ ISTANBUL TELEFON: 0212 876 88 86 E-POSTA: ozelistyasamreh@gmail.com","og_url":"https:\/\/ozelyasamrehabilitasyon.com\/?page_id=26","article_modified_time":"2022-10-24T16:02:18+00:00","twitter_card":"summary_large_image","twitter_misc":{"Tahmini okuma s\u00fcresi":"1 dakika"},"schema":{"@context":"https:\/\/schema.org","@graph":[{"@type":"WebPage","@id":"https:\/\/ozelyasamrehabilitasyon.com\/?page_id=26","url":"https:\/\/ozelyasamrehabilitasyon.com\/?page_id=26","name":"\u0130LET\u0130\u015e\u0130M -","isPartOf":{"@id":"https:\/\/ozelyasamrehabilitasyon.com\/#website"},"datePublished":"2022-10-24T13:48:19+00:00","dateModified":"2022-10-24T16:02:18+00:00","breadcrumb":{"@id":"https:\/\/ozelyasamrehabilitasyon.com\/?page_id=26#breadcrumb"},"inLanguage":"tr","potentialAction":[{"@type":"ReadAction","target":["https:\/\/ozelyasamrehabilitasyon.com\/?page_id=26"]}]},{"@type":"BreadcrumbList","@id":"https:\/\/ozelyasamrehabilitasyon.com\/?page_id=26#breadcrumb","itemListElement":[{"@type":"ListItem","position":1,"name":"Anasayfa","item":"https:\/\/ozelyasamrehabilitasyon.com\/"},{"@type":"ListItem","position":2,"name":"\u0130LET\u0130\u015e\u0130M"}]},{"@type":"WebSite","@id":"https:\/\/ozelyasamrehabilitasyon.com\/#website","url":"https:\/\/ozelyasamrehabilitasyon.com\/","name":"","description":"Just another WordPress site","potentialAction":[{"@type":"SearchAction","target":{"@type":"EntryPoint","urlTemplate":"https:\/\/ozelyasamrehabilitasyon.com\/?s={search_term_string}"},"query-input":"required name=search_term_string"}],"inLanguage":"tr"}]}},"_links":{"self":[{"href":"https:\/\/ozelyasamrehabilitasyon.com\/index.php?rest_route=\/wp\/v2\/pages\/26","targetHints":{"allow":["GET"]}}],"collection":[{"href":"https:\/\/ozelyasamrehabilitasyon.com\/index.php?rest_route=\/wp\/v2\/pages"}],"about":[{"href":"https:\/\/ozelyasamrehabilitasyon.com\/index.php?rest_route=\/wp\/v2\/types\/page"}],"author":[{"embeddable":true,"href":"https:\/\/ozelyasamrehabilitasyon.com\/index.php?rest_route=\/wp\/v2\/users\/1"}],"replies":[{"embeddable":true,"href":"https:\/\/ozelyasamrehabilitasyon.com\/index.php?rest_route=%2Fwp%2Fv2%2Fcomments&post=26"}],"version-history":[{"count":6,"href":"https:\/\/ozelyasamrehabilitasyon.com\/index.php?rest_route=\/wp\/v2\/pages\/26\/revisions"}],"predecessor-version":[{"id":48,"href":"https:\/\/ozelyasamrehabilitasyon.com\/index.php?rest_route=\/wp\/v2\/pages\/26\/revisions\/48"}],"wp:attachment":[{"href":"https:\/\/ozelyasamrehabilitasyon.com\/index.php?rest_route=%2Fwp%2Fv2%2Fmedia&parent=26"}],"curies":[{"name":"wp","href":"https:\/\/api.w.org\/{rel}","templated":true}]}}