{"id":22,"date":"2022-10-24T13:47:22","date_gmt":"2022-10-24T13:47:22","guid":{"rendered":"https:\/\/ozelyasamrehabilitasyon.com\/?page_id=22"},"modified":"2022-11-03T11:03:04","modified_gmt":"2022-11-03T11:03:04","slug":"ogretmenlerimiz","status":"publish","type":"page","link":"https:\/\/ozelyasamrehabilitasyon.com\/?page_id=22","title":{"rendered":"\u00d6\u011eRETMENLER\u0130M\u0130Z"},"content":{"rendered":"\n<p><strong>Basriye ALGAN<\/strong> <strong>&#8211; Uzman \u00d6\u011fretici<\/strong> <strong>( \u00c7ocuk Geli\u015fimi &#8211; Okul \u00d6ncesi \u00d6\u011fretmeni )<\/strong><\/p>\n\n\n\n<p><strong>\u015eilan<\/strong> <strong>Zelal G\u00dcNAY &#8211; Psikolog<\/strong><\/p>\n\n\n\n<p><strong>Nilg\u00fcn \u00c7IRAK &#8211; Fizyoterapist<\/strong><\/p>\n\n\n\n<p><strong>Beyza Nur YAVUZ &#8211; Uzman \u00d6\u011fretici ( \u00c7ocuk Geli\u015fimci )<\/strong><\/p>\n","protected":false},"excerpt":{"rendered":"<p>Basriye ALGAN &#8211; Uzman \u00d6\u011fretici ( \u00c7ocuk Geli\u015fimi &#8211; Okul \u00d6ncesi \u00d6\u011fretmeni ) \u015eilan Zelal G\u00dcNAY &#8211; Psikolog Nilg\u00fcn \u00c7IRAK &#8211; Fizyoterapist Beyza Nur YAVUZ &#8211; Uzman \u00d6\u011fretici ( \u00c7ocuk Geli\u015fimci )<\/p>\n","protected":false},"author":1,"featured_media":0,"parent":0,"menu_order":0,"comment_status":"closed","ping_status":"closed","template":"","meta":{"site-sidebar-layout":"default","site-content-layout":"default","ast-global-header-display":"","ast-main-header-display":"","ast-hfb-above-header-display":"","ast-hfb-below-header-display":"","ast-hfb-mobile-header-display":"","site-post-title":"","ast-breadcrumbs-content":"","ast-featured-img":"","footer-sml-layout":"","theme-transparent-header-meta":"","adv-header-id-meta":"","stick-header-meta":"","header-above-stick-meta":"","header-main-stick-meta":"","header-below-stick-meta":"","footnotes":""},"class_list":["post-22","page","type-page","status-publish","hentry"],"yoast_head":"<!-- This site is optimized with the Yoast SEO plugin v20.5 - https:\/\/yoast.com\/wordpress\/plugins\/seo\/ -->\n<title>\u00d6\u011eRETMENLER\u0130M\u0130Z -<\/title>\n<meta name=\"robots\" content=\"index, follow, max-snippet:-1, max-image-preview:large, max-video-preview:-1\" \/>\n<link rel=\"canonical\" href=\"https:\/\/ozelyasamrehabilitasyon.com\/?page_id=22\" \/>\n<meta property=\"og:locale\" content=\"tr_TR\" \/>\n<meta property=\"og:type\" content=\"article\" \/>\n<meta property=\"og:title\" content=\"\u00d6\u011eRETMENLER\u0130M\u0130Z -\" \/>\n<meta property=\"og:description\" content=\"Basriye ALGAN &#8211; Uzman \u00d6\u011fretici ( \u00c7ocuk Geli\u015fimi &#8211; Okul \u00d6ncesi \u00d6\u011fretmeni ) \u015eilan Zelal G\u00dcNAY &#8211; Psikolog Nilg\u00fcn \u00c7IRAK &#8211; Fizyoterapist Beyza Nur YAVUZ &#8211; Uzman \u00d6\u011fretici ( \u00c7ocuk Geli\u015fimci )\" \/>\n<meta property=\"og:url\" content=\"https:\/\/ozelyasamrehabilitasyon.com\/?page_id=22\" \/>\n<meta property=\"article:modified_time\" content=\"2022-11-03T11:03:04+00:00\" \/>\n<meta name=\"twitter:card\" content=\"summary_large_image\" \/>\n<meta name=\"twitter:label1\" content=\"Tahmini okuma s\u00fcresi\" \/>\n\t<meta name=\"twitter:data1\" content=\"1 dakika\" \/>\n<script type=\"application\/ld+json\" class=\"yoast-schema-graph\">{\"@context\":\"https:\/\/schema.org\",\"@graph\":[{\"@type\":\"WebPage\",\"@id\":\"https:\/\/ozelyasamrehabilitasyon.com\/?page_id=22\",\"url\":\"https:\/\/ozelyasamrehabilitasyon.com\/?page_id=22\",\"name\":\"\u00d6\u011eRETMENLER\u0130M\u0130Z -\",\"isPartOf\":{\"@id\":\"https:\/\/ozelyasamrehabilitasyon.com\/#website\"},\"datePublished\":\"2022-10-24T13:47:22+00:00\",\"dateModified\":\"2022-11-03T11:03:04+00:00\",\"breadcrumb\":{\"@id\":\"https:\/\/ozelyasamrehabilitasyon.com\/?page_id=22#breadcrumb\"},\"inLanguage\":\"tr\",\"potentialAction\":[{\"@type\":\"ReadAction\",\"target\":[\"https:\/\/ozelyasamrehabilitasyon.com\/?page_id=22\"]}]},{\"@type\":\"BreadcrumbList\",\"@id\":\"https:\/\/ozelyasamrehabilitasyon.com\/?page_id=22#breadcrumb\",\"itemListElement\":[{\"@type\":\"ListItem\",\"position\":1,\"name\":\"Anasayfa\",\"item\":\"https:\/\/ozelyasamrehabilitasyon.com\/\"},{\"@type\":\"ListItem\",\"position\":2,\"name\":\"\u00d6\u011eRETMENLER\u0130M\u0130Z\"}]},{\"@type\":\"WebSite\",\"@id\":\"https:\/\/ozelyasamrehabilitasyon.com\/#website\",\"url\":\"https:\/\/ozelyasamrehabilitasyon.com\/\",\"name\":\"\",\"description\":\"Just another WordPress site\",\"potentialAction\":[{\"@type\":\"SearchAction\",\"target\":{\"@type\":\"EntryPoint\",\"urlTemplate\":\"https:\/\/ozelyasamrehabilitasyon.com\/?s={search_term_string}\"},\"query-input\":\"required name=search_term_string\"}],\"inLanguage\":\"tr\"}]}<\/script>\n<!-- \/ Yoast SEO plugin. -->","yoast_head_json":{"title":"\u00d6\u011eRETMENLER\u0130M\u0130Z -","robots":{"index":"index","follow":"follow","max-snippet":"max-snippet:-1","max-image-preview":"max-image-preview:large","max-video-preview":"max-video-preview:-1"},"canonical":"https:\/\/ozelyasamrehabilitasyon.com\/?page_id=22","og_locale":"tr_TR","og_type":"article","og_title":"\u00d6\u011eRETMENLER\u0130M\u0130Z -","og_description":"Basriye ALGAN &#8211; Uzman \u00d6\u011fretici ( \u00c7ocuk Geli\u015fimi &#8211; Okul \u00d6ncesi \u00d6\u011fretmeni ) \u015eilan Zelal G\u00dcNAY &#8211; Psikolog Nilg\u00fcn \u00c7IRAK &#8211; Fizyoterapist Beyza Nur YAVUZ &#8211; Uzman \u00d6\u011fretici ( \u00c7ocuk Geli\u015fimci )","og_url":"https:\/\/ozelyasamrehabilitasyon.com\/?page_id=22","article_modified_time":"2022-11-03T11:03:04+00:00","twitter_card":"summary_large_image","twitter_misc":{"Tahmini okuma s\u00fcresi":"1 dakika"},"schema":{"@context":"https:\/\/schema.org","@graph":[{"@type":"WebPage","@id":"https:\/\/ozelyasamrehabilitasyon.com\/?page_id=22","url":"https:\/\/ozelyasamrehabilitasyon.com\/?page_id=22","name":"\u00d6\u011eRETMENLER\u0130M\u0130Z -","isPartOf":{"@id":"https:\/\/ozelyasamrehabilitasyon.com\/#website"},"datePublished":"2022-10-24T13:47:22+00:00","dateModified":"2022-11-03T11:03:04+00:00","breadcrumb":{"@id":"https:\/\/ozelyasamrehabilitasyon.com\/?page_id=22#breadcrumb"},"inLanguage":"tr","potentialAction":[{"@type":"ReadAction","target":["https:\/\/ozelyasamrehabilitasyon.com\/?page_id=22"]}]},{"@type":"BreadcrumbList","@id":"https:\/\/ozelyasamrehabilitasyon.com\/?page_id=22#breadcrumb","itemListElement":[{"@type":"ListItem","position":1,"name":"Anasayfa","item":"https:\/\/ozelyasamrehabilitasyon.com\/"},{"@type":"ListItem","position":2,"name":"\u00d6\u011eRETMENLER\u0130M\u0130Z"}]},{"@type":"WebSite","@id":"https:\/\/ozelyasamrehabilitasyon.com\/#website","url":"https:\/\/ozelyasamrehabilitasyon.com\/","name":"","description":"Just another WordPress site","potentialAction":[{"@type":"SearchAction","target":{"@type":"EntryPoint","urlTemplate":"https:\/\/ozelyasamrehabilitasyon.com\/?s={search_term_string}"},"query-input":"required name=search_term_string"}],"inLanguage":"tr"}]}},"_links":{"self":[{"href":"https:\/\/ozelyasamrehabilitasyon.com\/index.php?rest_route=\/wp\/v2\/pages\/22","targetHints":{"allow":["GET"]}}],"collection":[{"href":"https:\/\/ozelyasamrehabilitasyon.com\/index.php?rest_route=\/wp\/v2\/pages"}],"about":[{"href":"https:\/\/ozelyasamrehabilitasyon.com\/index.php?rest_route=\/wp\/v2\/types\/page"}],"author":[{"embeddable":true,"href":"https:\/\/ozelyasamrehabilitasyon.com\/index.php?rest_route=\/wp\/v2\/users\/1"}],"replies":[{"embeddable":true,"href":"https:\/\/ozelyasamrehabilitasyon.com\/index.php?rest_route=%2Fwp%2Fv2%2Fcomments&post=22"}],"version-history":[{"count":6,"href":"https:\/\/ozelyasamrehabilitasyon.com\/index.php?rest_route=\/wp\/v2\/pages\/22\/revisions"}],"predecessor-version":[{"id":89,"href":"https:\/\/ozelyasamrehabilitasyon.com\/index.php?rest_route=\/wp\/v2\/pages\/22\/revisions\/89"}],"wp:attachment":[{"href":"https:\/\/ozelyasamrehabilitasyon.com\/index.php?rest_route=%2Fwp%2Fv2%2Fmedia&parent=22"}],"curies":[{"name":"wp","href":"https:\/\/api.w.org\/{rel}","templated":true}]}}